{"id":2574,"date":"2016-01-12T06:52:48","date_gmt":"2016-01-12T06:52:48","guid":{"rendered":"http:\/\/kowala.blog.pl\/?page_id=2"},"modified":"2018-07-15T14:25:37","modified_gmt":"2018-07-15T14:25:37","slug":"przykladowa-strona","status":"publish","type":"page","link":"https:\/\/kowala-blog.pl\/?page_id=2574","title":{"rendered":"Do pobrania"},"content":{"rendered":"<p><a href=\"http:\/\/kowala.blog.pl\/files\/2016\/01\/Uchwa\u0142a-ws-nadania-tytu\u0142u-Honoroweog-W\u00f3jta-Gminy-Kowala.pdf\">Uchwa\u0142a Rady Gminy Kowala nr X\/34\/06 z dnia 20.10.2006 r. w sprawie nadania tytu\u0142u &#8222;Honorowego W\u00f3jta Gminy Kowala&#8221;<\/a><\/p>\n<p><a href=\"http:\/\/kowala.blog.pl\/files\/2016\/01\/Uchwa\u0142a-ws-nadania-Honorowego-Obywatela-Gminy.pdf\">Uchwa\u0142a Rady Gminy Kowala nr X\/35\/06 z dnia 20.10.2006 r. w sprawie nadania tytu\u0142u \u201eHonorowego Obywatela Gminy Kowala\u201d<\/a><\/p>\n<p><a href=\"http:\/\/kowala.blog.pl\/files\/2016\/01\/1998-rok-S\u0142owo-Ludu-z-komentarzami.pdf\">Archiwalny artyku\u0142 nieistniej\u0105cej ju\u017c gazety &#8222;S\u0142owo Ludu&#8221; z roku 1998, dotycz\u0105cy wyboru W\u00f3jta gminy Kowala przez Rad\u0119 Gminy Kowala (wtedy w\u00f3jta wybiera\u0142a Rada)<\/a><\/p>\n<p><a href=\"http:\/\/kowala.blog.pl\/files\/2016\/01\/04012016_minal-rok-czesc-i.pdf\"> ROK \u2013 cz\u0119\u015b\u0107 I &#8211; wpis na portalu kowala24.pl z dnia 4 stycznia 2016 r.<\/a><\/p>\n<p><a title=\"Wpis na portalu www.kowala24.pl z dnia 10 stycnia 2016 r.\" href=\"http:\/\/kowala.blog.pl\/files\/2016\/01\/1012016_minal-rok-czesc-2.pdf\">MIN\u0104\u0141 ROK \u2013 cz\u0119\u015b\u0107 II &#8211; wpis na portalu kowala24.pl z dnia 10 stycznia 2016<\/a><a title=\"Wpis na portalu www.kowala24.pl z dnia 10 stycnia 2016 r.\" href=\"http:\/\/kowala.blog.pl\/files\/2016\/01\/1012016_minal-rok-czesc-2.pdf\"> r.<\/a><\/p>\n<p><a href=\"https:\/\/kowala-blog.pl\/wp-content\/uploads\/2016\/01\/Protok\u00f3\u0142-RIO-ws-\u015bmieci.pdf\">Protok\u00f3\u0142 z posiedzenia Kolegium Regionalnej Izby Obrachunkowej w Warszawie z dnia 30 lipca 2013 roku<\/a><\/p>\n<p><a href=\"http:\/\/kowala.blog.pl\/files\/2016\/01\/Uchwa\u0142a-RIO-z-dnia-17042015-wykonanie-bud\u017cetu-gminy-Kowala-za-rok-2014.pdf\">Uchwa\u0142a Regionalnej Izby Obrachunkowej w Warszawie z dnia 17 kwietnia 2015 r. ws. opinii o przed\u0142o\u017conym przez W\u00f3jta gminy Kowala sprawozdaniu z wykonania bud\u017cetu gminy Kowala za rok 2014<\/a><\/p>\n<p><a href=\"https:\/\/kowala-blog.pl\/wp-content\/uploads\/2018\/07\/procedury-modernizacji-ewidencji-grunt\u00f3w.pdf\">Etapy procedury modernizacji ewidencji grunt\u00f3w<\/a><\/p>\n<p>&nbsp;<\/p>\n","protected":false},"excerpt":{"rendered":"<p>Uchwa\u0142a Rady Gminy Kowala nr X\/34\/06 z dnia 20.10.2006 r. w sprawie nadania tytu\u0142u &#8222;Honorowego W\u00f3jta Gminy Kowala&#8221; Uchwa\u0142a Rady Gminy Kowala nr X\/35\/06 z dnia 20.10.2006 r. w sprawie nadania tytu\u0142u \u201eHonorowego Obywatela Gminy Kowala\u201d Archiwalny artyku\u0142 nieistniej\u0105cej ju\u017c &hellip; <a href=\"https:\/\/kowala-blog.pl\/?page_id=2574\">Czytaj dalej <span class=\"meta-nav\">&rarr;<\/span><\/a><\/p>\n","protected":false},"author":2,"featured_media":0,"parent":0,"menu_order":0,"comment_status":"open","ping_status":"open","template":"","meta":{"footnotes":""},"class_list":["post-2574","page","type-page","status-publish","hentry"],"_links":{"self":[{"href":"https:\/\/kowala-blog.pl\/index.php?rest_route=\/wp\/v2\/pages\/2574","targetHints":{"allow":["GET"]}}],"collection":[{"href":"https:\/\/kowala-blog.pl\/index.php?rest_route=\/wp\/v2\/pages"}],"about":[{"href":"https:\/\/kowala-blog.pl\/index.php?rest_route=\/wp\/v2\/types\/page"}],"author":[{"embeddable":true,"href":"https:\/\/kowala-blog.pl\/index.php?rest_route=\/wp\/v2\/users\/2"}],"replies":[{"embeddable":true,"href":"https:\/\/kowala-blog.pl\/index.php?rest_route=%2Fwp%2Fv2%2Fcomments&post=2574"}],"version-history":[{"count":7,"href":"https:\/\/kowala-blog.pl\/index.php?rest_route=\/wp\/v2\/pages\/2574\/revisions"}],"predecessor-version":[{"id":3101,"href":"https:\/\/kowala-blog.pl\/index.php?rest_route=\/wp\/v2\/pages\/2574\/revisions\/3101"}],"wp:attachment":[{"href":"https:\/\/kowala-blog.pl\/index.php?rest_route=%2Fwp%2Fv2%2Fmedia&parent=2574"}],"curies":[{"name":"wp","href":"https:\/\/api.w.org\/{rel}","templated":true}]}}